{"id":204,"date":"2021-09-13T19:57:08","date_gmt":"2021-09-13T17:57:08","guid":{"rendered":"https:\/\/nabingers.de\/petra\/?page_id=204"},"modified":"2026-04-14T16:14:13","modified_gmt":"2026-04-14T14:14:13","slug":"termine","status":"publish","type":"page","link":"https:\/\/nabingers.de\/petra\/termine\/","title":{"rendered":"Termine"},"content":{"rendered":"\n<p><\/p>\n\n\n<ul class=\"wp-block-latest-posts__list wp-block-latest-posts\"><li><a class=\"wp-block-latest-posts__post-title\" href=\"https:\/\/nabingers.de\/petra\/2026\/04\/11\/06-04-2026-prof-dr-juergen-weimann-interviewt-mich-im-podcast-everyone-counts-transformation-fuer-banken-und-sparkassen\/\">06.04.2026 Prof. Dr. J\u00fcrgen Weimann interviewt mich im Podcast &#8222;Everyone Counts &#8211; Transformation f\u00fcr Banken und Sparkassen&#8220;<\/a><\/li>\n<li><a class=\"wp-block-latest-posts__post-title\" href=\"https:\/\/nabingers.de\/petra\/2026\/03\/28\/27-03-2026-lunch-learn-session-der-future-work-community\/\">27.03.2026 Lunch &amp; Learn Session der Future @ Work Community<\/a><\/li>\n<li><a class=\"wp-block-latest-posts__post-title\" href=\"https:\/\/nabingers.de\/petra\/2026\/03\/11\/09-03-2026-frauenstreik-in-mannheim\/\">09.03.2026 Frauen*streik in Mannheim<\/a><\/li>\n<li><a class=\"wp-block-latest-posts__post-title\" href=\"https:\/\/nabingers.de\/petra\/2026\/01\/25\/12-01-2026-wiedersehen-mit-einer-der-portraetierten-frauen-in-frankfurt-main\/\">12.01.2026 Wiedersehen mit einer der portr\u00e4tierten Frauen in Frankfurt\/Main<\/a><\/li>\n<li><a class=\"wp-block-latest-posts__post-title\" href=\"https:\/\/nabingers.de\/petra\/2025\/12\/05\/04-12-2025-mein-impuls-zur-weihnachtsfeier-des-finfluencer-circle-in-frankfurt-main\/\">04.12.2025 Mein Impuls zur Weihnachtsfeier des Finfluencer Circle in Frankfurt\/Main<\/a><\/li>\n<\/ul>\n\n\n<h1 class=\"wp-block-heading\">Presse<\/h1>\n\n\n\n<blockquote class=\"wp-block-quote is-layout-flow wp-block-quote-is-layout-flow\">\n<p>Beitrag im gender-blog vom 14.04.2026: <\/p>\n\n\n\n<p><a href=\"https:\/\/www.gender-blog.de\/beitrag\/frauen-in-der-finanzbranche\">Perspektivenvielfalt ist gefragt: Vorbilder f\u00fcr Frauen in der Finanzbranche<\/a><\/p>\n<\/blockquote>\n\n\n\n<blockquote class=\"wp-block-quote is-layout-flow wp-block-quote-is-layout-flow\">\n<p>Mein Artikel vom 20.01.2026 f\u00fcr die FCH AG, Heidelberg<\/p>\n\n\n\n<p><a href=\"https:\/\/www.fch-gruppe.de\/Beitrag\/23283\/die-finanzwelt-braucht-mehr-mutige-panzerknacker-?id=23283\">Die Finanzwelt braucht mehr mutige \u201ePanzerknacker\u201c<\/a><\/p>\n\n\n\n<p><\/p>\n<\/blockquote>\n\n\n\n<blockquote class=\"wp-block-quote is-layout-flow wp-block-quote-is-layout-flow\">\n<p>Mein Artikel vom 04.07.2025 f\u00fcr die Courage Redaktion:<\/p>\n\n\n\n<p><a href=\"https:\/\/courage-lounge.de\/keiner-macht-karriere-alleine\/\">Keine(r) macht Karriere alleine!<\/a><\/p>\n<\/blockquote>\n\n\n\n<p><\/p>\n\n\n\n<blockquote class=\"wp-block-quote is-layout-flow wp-block-quote-is-layout-flow\">\n<p>Female Role Models Interview<\/p>\n\n\n\n<p> von Kinga Bartczak vom 25.06.2025<\/p>\n\n\n\n<p><a href=\"https:\/\/femalexperts.com\/petra-nabinger-im-interview\/\">Finanzwelt im Wandel: Petra Nabinger im Interview \u00fcber Vorbilder und Frauen in Spitzenpositionen &#8211; FemalExperts Magazin<\/a><\/p>\n\n\n\n<p>Ich danke Kinga Bartczak f\u00fcr ihre vielseitigen Fragen!<\/p>\n<\/blockquote>\n\n\n\n<blockquote class=\"wp-block-quote is-layout-flow wp-block-quote-is-layout-flow\">\n<p>Buchbesprechung vom 18.06.2025 von Yvonne de Andr\u00e9s<\/p>\n<\/blockquote>\n\n\n\n<div class=\"wp-block-group\"><div class=\"wp-block-group__inner-container is-layout-constrained wp-block-group-is-layout-constrained\">\n<div data-wp-interactive=\"core\/file\" class=\"wp-block-file aligncenter\"><object data-wp-bind--hidden=\"!state.hasPdfPreview\" hidden class=\"wp-block-file__embed\" data=\"https:\/\/nabingers.de\/petra\/wp-content\/uploads\/2025\/06\/Buchbesprechung-Yvonne-de-Andres.pdf\" type=\"application\/pdf\" style=\"width:100%;height:600px\" aria-label=\"Einbettung von Buchbesprechung Yvonne de Andres.\"><\/object><a id=\"wp-block-file--media-7d08e51c-8535-4dc9-92b1-46c704b93502\" href=\"https:\/\/nabingers.de\/petra\/wp-content\/uploads\/2025\/06\/Buchbesprechung-Yvonne-de-Andres.pdf\">Buchbesprechung Yvonne de Andres<\/a><\/div>\n<\/div><\/div>\n\n\n\n<p><\/p>\n\n\n\n<p><\/p>\n\n\n\n<p><\/p>\n\n\n\n<div class=\"wp-block-group\"><div class=\"wp-block-group__inner-container is-layout-constrained wp-block-group-is-layout-constrained\">\n<blockquote class=\"wp-block-quote is-layout-flow wp-block-quote-is-layout-flow\">\n<p class=\"has-text-align-left\">Rezension vom 22.05.2025: Frauen in Spitzenpositionen &#8211; Role Models der Finanzbranche<\/p>\n\n\n\n<p>Heidi Bois, Vorst\u00e4ndin FCH Verlag, Heidelberg<\/p>\n\n\n\n<p class=\"has-text-align-left\"><a href=\"https:\/\/www.fch-gruppe.de\/Beitrag\/22782\/frauen-in-spitzenpositionen?id=22782\">https:\/\/www.fch-gruppe.de\/Beitrag\/22782\/frauen-in-spitzenpositionen?id=22782<\/a><\/p>\n\n\n\n<p>Danke an Heidi Bois f\u00fcr diese wunderbare Rezension, insbesondere die Formulierung &#8222;Es ist ein Pl\u00e4doyer f\u00fcr mehr Vielfalt in der F\u00fchrungsebene und eine Inspiration f\u00fcr alle, die sich f\u00fcr die Themen Karriereentwicklung, Gleichberechtigung und F\u00fchrung interessieren.&#8220;<\/p>\n<\/blockquote>\n<\/div><\/div>\n\n\n\n<blockquote class=\"wp-block-quote is-layout-flow wp-block-quote-is-layout-flow\">\n<p>Beitrag vom 20.03.2025 f\u00fcr den Newsletter Banken-Times FCH BankHer, der sich an weibliche Fach- und F\u00fchrungskr\u00e4fte in Banken richtet:<\/p>\n\n\n\n<p><a href=\"https:\/\/www.fch-gruppe.de\/Beitrag\/22945\/-es-bewerben-sich-keine-frauen-fuer-fuehrungspositionen-\">\u201eEs bewerben sich keine Frauen f\u00fcr F\u00fchrungspositionen\u2026\u201c<\/a><\/p>\n<\/blockquote>\n\n\n\n<div class=\"wp-block-group\"><div class=\"wp-block-group__inner-container is-layout-constrained wp-block-group-is-layout-constrained\">\n<div class=\"wp-block-group is-nowrap is-layout-flex wp-container-core-group-is-layout-ad2f72ca wp-block-group-is-layout-flex\">\n<div class=\"wp-block-group\"><div class=\"wp-block-group__inner-container is-layout-constrained wp-block-group-is-layout-constrained\">\n<div class=\"wp-block-group\"><div class=\"wp-block-group__inner-container is-layout-constrained wp-block-group-is-layout-constrained\">\n<blockquote class=\"wp-block-quote is-layout-flow wp-block-quote-is-layout-flow\">\n<p><strong>Mein<\/strong> <strong><em>Artikel im Blog des Handelsblatts <strong>ver\u00f6ffentlicht <\/strong><\/em>a<em>m 01.07.2024<\/em><\/strong> <strong>unter nachfolgendem Link:<\/strong><\/p>\n\n\n\n<p><a href=\"https:\/\/live.handelsblatt.com\/ein-farbwechsel-ist-fuer-die-bankenwelt-zukunftsweisend\/\"><strong>Ein Farbwechsel ist f\u00fcr die Bankenwelt zukunftsweisend &#8211; Handelsblatt Live<\/strong><\/a><\/p>\n<\/blockquote>\n<\/div><\/div>\n<\/div><\/div>\n<\/div>\n\n\n\n<blockquote class=\"wp-block-quote is-layout-flow wp-block-quote-is-layout-flow\">\n<p>Interview &#8222;Vorbilder f\u00fcr F\u00fchrungskr\u00e4fte&#8220;<\/p>\n\n\n\n<p>von Prof. i.R. Dr. Anne Schl\u00fcter mit mir im <\/p>\n\n\n\n<p>blog interdisziplin\u00e4re geschlechterforschung<\/p>\n\n\n\n<p>ver\u00f6ffentlicht am 9.01.2024<\/p>\n\n\n\n<p>Das Interview finden Sie unter dem folgenden Link: <\/p>\n\n\n\n<p><a href=\"https:\/\/www.gender-blog.de\/beitrag\/vorbilder-fuer-fuehrungskraefte\/\">Vorbilder f\u00fcr F\u00fchrungskr\u00e4fte (gender-blog.de)<\/a><\/p>\n<\/blockquote>\n<\/div><\/div>\n\n\n\n<blockquote class=\"wp-block-quote is-layout-flow wp-block-quote-is-layout-flow\">\n<p>Interview von Melanie Vogel zum Buch &#8222;Die Quotenfrau&#8220;<\/p>\n\n\n\n<p>04\/2022<\/p>\n\n\n\n<p><a href=\"https:\/\/female-recruiting.com\/wp-content\/uploads\/2022\/09\/04-2022_FEMALE-RECRUITING-Report.pdf\" data-type=\"URL\" data-id=\"https:\/\/female-recruiting.com\/wp-content\/uploads\/2022\/09\/04-2022_FEMALE-RECRUITING-Report.pdf\" target=\"_blank\" rel=\"noreferrer noopener\">Interview im Female Recruiting Report (PDF)<\/a><\/p>\n<\/blockquote>\n\n\n\n<p><\/p>\n\n\n\n<blockquote class=\"wp-block-quote is-layout-flow wp-block-quote-is-layout-flow\">\n<p>Autorenportrait im Konsens des Deutschen Akademikerinnenbundes e.V.<\/p>\n\n\n\n<p>Ute Spendler, langj\u00e4hriges DAB-Mitglied und von 1991 bis 2019 in mehreren Wahlperioden die Pr\u00e4sidentin der Regionalgruppe Rhein-Neckar-Pfalz, hat f\u00fcr den Konsens 2021 das Autorenportrait geschrieben. Den Artikel finden Sie auf den Seiten 14 und 15 der Publikation.<\/p>\n\n\n\n<p>18.03.2022<\/p>\n<cite><a href=\"https:\/\/www.dab-ev.org\/de\/publikationen\/konsens.php\">Konsens | DAB e.V. (dab-ev.org)<\/a><\/cite><\/blockquote>\n\n\n\n<blockquote class=\"wp-block-quote is-layout-flow wp-block-quote-is-layout-flow\">\n<p>IHK-Buchtipps: &#8222;Standpunkte und Texte zur Frauenquote&#8220;<\/p>\n\n\n\n<p>November 2021<\/p>\n<cite>IHK &#8211; Magazin <\/cite><\/blockquote>\n\n\n\n<blockquote class=\"wp-block-quote is-layout-flow wp-block-quote-is-layout-flow\">\n<p>Buchbesprechung &#8222;Die Quotenfrau &#8211; Petra Nabinger &#8211; Ans Eingemachte&#8220;<\/p>\n\n\n\n<p>Oktober 2021<\/p>\n<cite>Stadtblatt Osnabr\u00fcck Nr. 513 &#8211; 12\/2021 &#8211;<\/cite><\/blockquote>\n\n\n\n<blockquote class=\"wp-block-quote is-layout-flow wp-block-quote-is-layout-flow\">\n<p>Buchempfehlungen aus der Redaktion: &#8222;Die Quotenfrau: Expert*innen beziehen Position zur Frauenquote und der Geschlechtergerechtigkeit in Deutschland&#8220;<\/p>\n\n\n\n<p>Oktober 2021<\/p>\n<cite><a href=\"https:\/\/editionf.com\/buchempfehlungen-aus-der-redaktion-herbst\/\">Weibliche Wut, toxische M\u00e4nnlichkeit, Teilzeit-Feminismus: Zehn B\u00fccher, die wir jetzt lesen wollen (editionf.com)<\/a><\/cite><\/blockquote>\n\n\n\n<blockquote class=\"wp-block-quote is-layout-flow wp-block-quote-is-layout-flow\">\n<p>&#8222;Die Frauenquote &#8211; Ohne verbindliche Vorgabe passiert nichts!&#8220; &#8211; Interview &#8211;<\/p>\n\n\n\n<p>und: <\/p>\n\n\n\n<p>&#8222;Als Mann f\u00fcr die Frauenquote? &#8211; Selbstverst\u00e4ndlich!&#8220; &#8211; Kommentar von Dr. Ulrich Goldschmidt<\/p>\n\n\n\n<p>4. Ausgabe 2021 \/ Oktober 2021<\/p>\n<cite>Magazin SHE works! <\/cite><\/blockquote>\n\n\n\n<blockquote class=\"wp-block-quote is-layout-flow wp-block-quote-is-layout-flow\">\n<p>SparkassenZeitung: &#8222;Frauenf\u00f6rderung hei\u00dft Wirtschaftsf\u00f6rderung&#8220; &#8211; Buchtipp \/ Interview<\/p>\n\n\n\n<p>September 2021<\/p>\n<cite><a href=\"https:\/\/www.sparkassenzeitung.de\/arbeit-leben\/buchtipp-interview-frauenfoerderung-heisst-wirtschaftsfoerderung\">Buchtipp \/ Interview: Frauenf\u00f6rderung hei\u00dft Wirtschaftsf\u00f6rderung &#8211; SparkassenZeitung<\/a><\/cite><\/blockquote>\n\n\n\n<blockquote class=\"wp-block-quote is-layout-flow wp-block-quote-is-layout-flow\">\n<p>&#8222;Frauen, r\u00fcttelt an den Vorstandst\u00fcren!&#8220; von Martina Lackner &#8211; Gastbeitrag &#8211; <\/p>\n\n\n\n<p>27. Juni 2021<\/p>\n<cite><a href=\"https:\/\/www.capital.de\/karriere\/frauen-ruettelt-an-den-vorstandstueren\" target=\"_blank\" rel=\"noreferrer noopener\">Frauen, r\u00fcttelt an den Vorstandst\u00fcren! &#8211; Capital.de<\/a><\/cite><\/blockquote>\n\n\n\n<blockquote class=\"wp-block-quote is-layout-flow wp-block-quote-is-layout-flow\">\n<p>&#8222;Wir haben Frauen gefragt, wie wir sie unterst\u00fctzen k\u00f6nnen&#8220; von Vincent-Immanuel Herr und Martin Speer &#8211; Gastbeitrag &#8211;<\/p>\n\n\n\n<p>25. Juni 2021<\/p>\n<cite><a href=\"https:\/\/www.capital.de\/karriere\/wir-haben-frauen-gefragt-wie-wir-sie-unterstuetzen-koennen\">Wir haben Frauen gefragt, wie wir sie unterst\u00fctzen k\u00f6nnen &#8211; Capital.de<\/a><\/cite><\/blockquote>\n\n\n\n<p><\/p>\n","protected":false},"excerpt":{"rendered":"<p>Presse Beitrag im gender-blog vom 14.04.2026: Perspektivenvielfalt ist gefragt: Vorbilder f\u00fcr Frauen in der Finanzbranche Mein Artikel vom 20.01.2026 f\u00fcr&hellip;<\/p>\n","protected":false},"author":1,"featured_media":0,"parent":0,"menu_order":0,"comment_status":"closed","ping_status":"closed","template":"","meta":{"footnotes":""},"class_list":["post-204","page","type-page","status-publish","hentry"],"_links":{"self":[{"href":"https:\/\/nabingers.de\/petra\/wp-json\/wp\/v2\/pages\/204","targetHints":{"allow":["GET"]}}],"collection":[{"href":"https:\/\/nabingers.de\/petra\/wp-json\/wp\/v2\/pages"}],"about":[{"href":"https:\/\/nabingers.de\/petra\/wp-json\/wp\/v2\/types\/page"}],"author":[{"embeddable":true,"href":"https:\/\/nabingers.de\/petra\/wp-json\/wp\/v2\/users\/1"}],"replies":[{"embeddable":true,"href":"https:\/\/nabingers.de\/petra\/wp-json\/wp\/v2\/comments?post=204"}],"version-history":[{"count":45,"href":"https:\/\/nabingers.de\/petra\/wp-json\/wp\/v2\/pages\/204\/revisions"}],"predecessor-version":[{"id":582,"href":"https:\/\/nabingers.de\/petra\/wp-json\/wp\/v2\/pages\/204\/revisions\/582"}],"wp:attachment":[{"href":"https:\/\/nabingers.de\/petra\/wp-json\/wp\/v2\/media?parent=204"}],"curies":[{"name":"wp","href":"https:\/\/api.w.org\/{rel}","templated":true}]}}